{"id":11,"date":"2022-10-28T18:23:02","date_gmt":"2022-10-28T18:23:02","guid":{"rendered":"https:\/\/bermudezarquitecto.com\/blog\/home\/"},"modified":"2022-10-28T19:54:16","modified_gmt":"2022-10-28T19:54:16","slug":"home","status":"publish","type":"page","link":"https:\/\/bermudezarquitecto.com\/blog\/","title":{"rendered":"INICIO"},"content":{"rendered":"\n<p style=\"font-size:18px\">&#8220;En el a\u00f1o 2013 tuve el gran honor de dise\u00f1ar el <a href=\"https:\/\/bermudezarquitecto.com\/blog\/category\/instituto-justo-arosemena\/\"><em>Instituto Justo Arosemena<\/em><\/a>, instituci\u00f3n que atiende cerca de 2,500 estudiantes del \u00e1rea de San Miguelito y la ciudad de Panam\u00e1. Recientemente fue seleccionado por el MEDUCA como modelo de escuela privada para atender adecuadamente un importante n\u00famero de alumnos de clase media y media baja de la urbe capitalina.<\/p>\n\n\n\n<p style=\"font-size:18px\"><a href=\"https:\/\/bermudezarquitecto.com\/blog\/category\/instituto-justo-arosemena\/\"><em>Este proyecto <\/em><\/a>ha sido motivo de gran satisfacci\u00f3n para m\u00ed, motivo por el cual pronto estar\u00e9 compartiendo otras fotos y an\u00e9cdotas que completan la descripci\u00f3n de esta importante obra.&#8221;<\/p>\n\n\n\n<p style=\"font-size:18px\">Ricardo J. Bermudez D.<\/p>\n\n\n\n<hr class=\"wp-block-separator has-css-opacity\"\/>\n\n\n\n<p>Instagram: <a href=\"https:\/\/www.instagram.com\/arq.r.j.bermudez\/\">arq.r.j.bermudez<\/a><br>#rjbdarquitecto&nbsp;#arquitectopanama&nbsp;#ija#panama&nbsp;#architecture&nbsp;#escuelamodelo<\/p>\n\n\n\n<hr class=\"wp-block-separator has-css-opacity\"\/>\n\n\n\n<p><\/p>\n","protected":false},"excerpt":{"rendered":"<p>&#8220;En el a\u00f1o 2013 tuve el gran honor de dise\u00f1ar el Instituto Justo Arosemena, instituci\u00f3n que atiende cerca de 2,500 estudiantes del \u00e1rea de San Miguelito y la ciudad de Panam\u00e1. Recientemente fue seleccionado por el MEDUCA como modelo de escuela privada para atender adecuadamente un importante n\u00famero de alumnos de clase media y media baja de la urbe capitalina. Este proyecto ha sido motivo de gran satisfacci\u00f3n para m\u00ed, motivo por el cual pronto estar\u00e9 compartiendo otras fotos y an\u00e9cdotas que completan la descripci\u00f3n de esta importante obra.&#8221; Ricardo J. Bermudez D. Instagram: arq.r.j.bermudez#rjbdarquitecto&nbsp;#arquitectopanama&nbsp;#ija#panama&nbsp;#architecture&nbsp;#escuelamodelo<span class=\"more-link-wrap\"><a class=\"more-link\" href=\"https:\/\/bermudezarquitecto.com\/blog\/\">Continuar leyendo<\/a><\/span><\/p>\n","protected":false},"author":1,"featured_media":0,"parent":0,"menu_order":0,"comment_status":"closed","ping_status":"closed","template":"","meta":{"_coblocks_attr":"","_coblocks_dimensions":"","_coblocks_responsive_height":"","_coblocks_accordion_ie_support":"","footnotes":""},"class_list":["entry","author-admin","post-11","page","type-page","status-publish"],"_links":{"self":[{"href":"https:\/\/bermudezarquitecto.com\/blog\/wp-json\/wp\/v2\/pages\/11","targetHints":{"allow":["GET"]}}],"collection":[{"href":"https:\/\/bermudezarquitecto.com\/blog\/wp-json\/wp\/v2\/pages"}],"about":[{"href":"https:\/\/bermudezarquitecto.com\/blog\/wp-json\/wp\/v2\/types\/page"}],"author":[{"embeddable":true,"href":"https:\/\/bermudezarquitecto.com\/blog\/wp-json\/wp\/v2\/users\/1"}],"replies":[{"embeddable":true,"href":"https:\/\/bermudezarquitecto.com\/blog\/wp-json\/wp\/v2\/comments?post=11"}],"version-history":[{"count":15,"href":"https:\/\/bermudezarquitecto.com\/blog\/wp-json\/wp\/v2\/pages\/11\/revisions"}],"predecessor-version":[{"id":3086,"href":"https:\/\/bermudezarquitecto.com\/blog\/wp-json\/wp\/v2\/pages\/11\/revisions\/3086"}],"wp:attachment":[{"href":"https:\/\/bermudezarquitecto.com\/blog\/wp-json\/wp\/v2\/media?parent=11"}],"curies":[{"name":"wp","href":"https:\/\/api.w.org\/{rel}","templated":true}]}}